{"id":43384,"date":"2024-06-27T03:35:00","date_gmt":"2024-06-27T00:35:00","guid":{"rendered":"https:\/\/stage.redseafish.com\/certificate-of-warranty\/"},"modified":"2025-05-15T14:10:11","modified_gmt":"2025-05-15T11:10:11","slug":"certificate-of-warranty","status":"publish","type":"page","link":"https:\/\/stage.redseafish.com\/de\/certificate-of-warranty\/","title":{"rendered":"certificate of warranty"},"content":{"rendered":"\n<div class=\"wp-block-dfnstbm-story story\"><div class=\"story_loader\"><div class=\"lds-roller mx-auto\"><div><\/div><div><\/div><div><\/div><div><\/div><div><\/div><div><\/div><div><\/div><div><\/div><\/div><h2 class=\"center h3 color-white\">Loading<\/h2><\/div><div class=\"story_content\"><button class=\"storyboard-trigger-button\" style=\"position:fixed;top:1rem;right:1rem;z-index:9999999999;padding:.25rem\">Debug-Button<\/button>\n<div class=\"wp-block-dfnstbm-story-frame story_frame gridbox  bg-color-transparent\" style=\"height:auto\" data-stb-active-viewport-size=\"all\" data-stb-track-scroll-progress-when-entering=\"false\">\n<div style=\"z-index:1;height:auto\" class=\"wp-block-dfnstbm-story-element story_element gridbox-element  bg-color-16 flex flex-column justify-start\">\n<div class=\"wp-block-dfnstbm-content-wrapper \n  content-wrapper border-box col-12 transparent max-width-3 mt4 mb5 ml-auto mr-auto pl2 pr2 sm-pl2 sm-pr2 md-pl0 md-pr0 lg-pl0 lg-pr0 color-black\" style=\"min-height:auto;max-height:none;border-radius:0px;grid-gap:\">\n<h2 class=\"wp-block-dfnstbm-heading \n  h1 color-black max-width-3 helvetica-bold left-align mb2 ml-auto mr-auto relative\">Eingeschr\u00e4nkte Garantie f\u00fcr Red Sea Aquarien-Systeme<\/h2>\n\n\n\n<p class=\"wp-block-dfnstbm-paragraph \n  h6 color-black max-width-3 open-sans-regular left-align ml-auto mr-auto relative\">Vielen Dank f\u00fcr den Kauf eines Red Sea Aquarium Systems, bestehend aus Aquarium, Technikbecken, Rohrleitungen und Schrank (im Folgenden \u201e<strong>das Aquarium-System<\/strong>\u201c).<br>Diese eingeschr\u00e4nkte Garantie gilt nicht f\u00fcr zus\u00e4tzliche Red Sea-Produkte wie ReefATO+, die m\u00f6glicherweise mit dem Aquarium-System geliefert werden, oder f\u00fcr alle Produkte, die zusammen mit dem Aquarium-System als Teil eines REEFERDeluxe- oder REEFER MAX-Angebots erworben wurden; alle diese zus\u00e4tzlich im Lieferumfang enthaltenen Produkte beinhalten ihre eigene individuelle Garantie. Red Sea Aquatics (UK) Ltd. (im Folgenden \u201eRed Sea\u201c) gew\u00e4hrt eine Garantie f\u00fcr das Aquariumsystem auf Material- und Verarbeitungsfehler des Herstellers f\u00fcr einen Zeitraum von 36 Monaten ab dem Datum, an dem das Aquariumsystem urspr\u00fcnglich vom urspr\u00fcnglichen K\u00e4ufer gekauft wurde (im Folgenden \u201eder urspr\u00fcngliche Kauf\u201c) Datum\u201c), wie weiter unten n\u00e4her erl\u00e4utert.<br>\u00a0<br>Die von Red Sea gew\u00e4hrte Garantie ist NICHT \u00dcBERTRAGBAR UND IST AUF DEN URSPR\u00dcNGLICHEN K\u00c4UFER BESCHR\u00c4NKT. Wenn das Aquariumsystem unter diese Garantie f\u00e4llt, repariert Red Sea das Aquariumsystem nach eigenem Ermessen entweder kostenlos (ohne Versandkosten) mit neuen oder general\u00fcberholten Teilen oder ersetzt das Aquariumsystem durch ein neues oder general\u00fcberholtes Aquariumsystem.<br>\u00a0<br>Diese eingeschr\u00e4nkte Garantie deckt weder normale Abnutzung, noch Artikel ab, die eine begrenzte nat\u00fcrliche Lebensdauer haben oder Verbrauchsmaterialien sind, wie beispielsweise Laufr\u00e4der, Schw\u00e4mme, Filtersocken und Dichtungsringe. Sie deckt au\u00dferdem keine Sch\u00e4den ab, die beim Versand auftreten, und\/oder Ausf\u00e4lle oder M\u00e4ngel, die auf eine Verwendung au\u00dferhalb der normalen Bedingungen und\/oder Naturkatastrophen, Unf\u00e4lle, \u00dcberspannungen in der Stromleitung, Vernachl\u00e4ssigung, unsachgem\u00e4\u00dfe Installation, Bedienung oder Wartung und\/oder Wartung des Aquariums zur\u00fcckzuf\u00fchren sind System oder Manipulation des Aquarium-Systems durch jemand anderen als ein autorisiertes Red Sea-Servicecenter oder Nichtbeachtung der bereitgestellten Anweisungen (im Aquarium-System-Handbuch oder anderweitig auf der Website von Red Sea) oder der technischen Verwendung oder Montage des Aquarium-Systems und\/oder Sicherheitsstandards des Landes, in dem das Aquariumsystem verwendet wird. Dar\u00fcber hinaus f\u00fchrt jede \u00c4nderung des Aquariumsystems, die nicht von einem autorisierten Red Sea-Servicecenter durchgef\u00fchrt wurde, zum Erl\u00f6schen dieser Garantie.<br>\u00a0<br>Um diese Garantie in Anspruch zu nehmen, wenden Sie sich bitte an Ihr lokales Servicecenter. Zu Ihrer Bequemlichkeit finden Sie Einzelheiten zu autorisierten Servicezentren auf der Website von Red Sea. Vor der Erbringung der Garantieleistung ist ein Kaufbeleg erforderlich.<br>\u00a0<br>Das einzige und ausschlie\u00dfliche Rechtsmittel gegen Red Sea besteht in der Reparatur oder dem Austausch des Aquariumsystems wie oben beschrieben. Im Rahmen dieser Garantie werden KEINE ANDEREN RECHTSMITTEL (einschlie\u00dflich, aber nicht beschr\u00e4nkt auf zuf\u00e4llige oder Folgesch\u00e4den oder Sch\u00e4den f\u00fcr entgangenen Gewinn, entgangene Verk\u00e4ufe oder andere zuf\u00e4llige oder Folgeverluste oder -sch\u00e4den) gew\u00e4hrt. In einigen Gerichtsbarkeiten ist der Ausschluss von Neben- oder Folgesch\u00e4den nicht zul\u00e4ssig, sodass die oben genannte Einschr\u00e4nkung m\u00f6glicherweise nicht auf Sie zutrifft. Soweit gesetzlich zul\u00e4ssig, haftet Red Sea in keinem Fall f\u00fcr Verluste oder Sch\u00e4den an Wasserlebewesen und\/oder Sch\u00e4den an anderem Eigentum und\/oder Personen (einschlie\u00dflich, aber nicht beschr\u00e4nkt auf den urspr\u00fcnglichen K\u00e4ufer), die sich daraus ergeben Nutzung des Aquariumsystems oder aus einer Verletzung dieser Garantie entstehen. Alle stillschweigenden Garantien (einschlie\u00dflich, aber nicht beschr\u00e4nkt auf die Garantie der Marktg\u00e4ngigkeit des Aquariumsystems oder der Eignung des Aquariumsystems f\u00fcr einen bestimmten Zweck) sind im vollen gesetzlich zul\u00e4ssigen Umfang und in dem Umfang, in dem sie nicht ausgeschlossen werden k\u00f6nnen, ausgeschlossen sind auf die Dauer der oben genannten geltenden Gew\u00e4hrleistungsfrist beschr\u00e4nkt. In einigen Gerichtsbarkeiten sind Beschr\u00e4nkungen der Dauer einer stillschweigenden Garantie oder Bedingung nicht zul\u00e4ssig, daher gilt diese Beschr\u00e4nkung m\u00f6glicherweise nicht f\u00fcr Sie. Die in dieser eingeschr\u00e4nkten Garantie gew\u00e4hrten ausdr\u00fccklichen Garantien sind die einzigen und ausschlie\u00dflichen Garantien, die dem Erstk\u00e4ufer gew\u00e4hrt werden, und d\u00fcrfen von keinem Vertreter, H\u00e4ndler oder einer anderen Person korrigiert, erweitert oder ge\u00e4ndert werden.<br>\u00a0<br>BESONDERE BEDINGUNGEN F\u00dcR DIE OPTION DES ERSTK\u00c4UFERS, EINE VERL\u00c4NGERTE 24-MONATE-GARANTIE ZU ERHALTEN.<br>\u00a0<br>Der Erstk\u00e4ufer und nur der ERSTK\u00c4UFER k\u00f6nnen eine erweiterte Garantie (im Folgenden \u201edie erweiterte Garantie\u201c) erhalten, die die strukturelle Integrit\u00e4t des Glasaquariums und des Schranks abdeckt (jedoch nicht f\u00fcr andere Komponenten des Aquariumsystems oder anderer mitgelieferter oder zusammen gekaufter Produkte). mit dem Aquarium-System) kostenlos erwerben, indem Sie das Aquarium-System innerhalb von 90 Tagen nach dem urspr\u00fcnglichen Kaufdatum auf der Website von Red Sea unter\u00a0www.redseafish.com\u00a0registrieren und den Kaufbeleg hochladen.<br>Durch die Registrierung des Aquariumsystems und die Aus\u00fcbung der Option, die erweiterte Garantie zu erhalten, best\u00e4tigen Sie, dass Sie die nachstehend aufgef\u00fchrten Bedingungen f\u00fcr die erweiterte Garantie sorgf\u00e4ltig gelesen und verstanden haben und dass Sie diesen Bedingungen und Konditionen vollst\u00e4ndig zustimmen Bedingungen.<br>\u00a0<br>GESCH\u00c4FTSBEDINGUNGEN DER ERWEITERTEN GARANTIE:<br>\u00a0<br>Die erweiterte Garantie ist NICHT \u00dcBERTRAGBAR UND IST AUF DEN URSPR\u00dcNGLICHEN K\u00c4UFER BESCHR\u00c4NKT.<br>Die erweiterte Garantie ist nur f\u00fcr REEFER G2\/G2+ verf\u00fcgbar, die nach dem 11. August 2023 in einem der folgenden L\u00e4nder gekauft wurden: \u00d6sterreich, Belgien, Kanada, Frankreich, Deutschland, Irland, Japan, Taiwan, Polen, Australien, den Niederlanden, dem Vereinigten K\u00f6nigreich und den USA verf\u00fcgbar..<br>Die erweiterte Garantie kann nur innerhalb von 90 Tagen ab dem urspr\u00fcnglichen Kaufdatum erlangt werden.<br>Die erweiterte Garantie gilt f\u00fcr die Dauer eines aufeinanderfolgenden Zeitraums von 24 Monaten, beginnend mit dem Ablaufdatum der 36 Monate ab dem urspr\u00fcnglichen Kaufdatum.<br>Die erweiterte Garantie deckt nur die strukturelle Integrit\u00e4t des Glasaquariums und des Schranks ab (im Folgenden \u201edie abgedeckten Komponenten\u201c).<br>Wenn die abgedeckten Komponenten im Rahmen der erweiterten Garantie gewartet werden k\u00f6nnen, repariert Red Sea die abgedeckten Komponenten entweder kostenlos (ohne Versandkosten) durch neue oder general\u00fcberholte Teile oder ersetzt die abgedeckten Komponenten durch neue oder general\u00fcberholte abgedeckte Komponenten, wie Red Sea nach eigenem Ermessen entscheiden kann.<br>\u00a0<br>Diese erweiterte Garantie deckt weder normale Abnutzung noch Artikel ab, die eine begrenzte nat\u00fcrliche Lebensdauer haben oder Verbrauchsmaterialien sind, wie z. B., aber nicht beschr\u00e4nkt auf; Dichtungsringe. Diese erweiterte Garantie deckt auch keine Sch\u00e4den ab, die beim Versand auftreten und\/oder Ausf\u00e4lle oder M\u00e4ngel, die auf eine Verwendung au\u00dferhalb der normalen Bedingungen und\/oder Naturkatastrophen, Unf\u00e4lle, \u00dcberspannungen in der Stromleitung, Vernachl\u00e4ssigung, unsachgem\u00e4\u00dfe Installation, Bedienung oder Wartung und\/oder Wartung des Ger\u00e4ts zur\u00fcckzuf\u00fchren sind oder Manipulationen an den Abgedeckten Komponenten durch jemand anderen als ein autorisiertes Red Sea-Servicecenter oder Nichtbeachtung der bereitgestellten Anweisungen (im Aquarium-System-Handbuch oder anderweitig, einschlie\u00dflich auf der Website von Red Sea) oder die Nichtbenutzung oder Montage der Abgedeckten Komponenten Technische und\/oder Sicherheitsstandards des Landes, in dem das Aquariumsystem verwendet wird. Dar\u00fcber hinaus f\u00fchrt jede \u00c4nderung der abgedeckten Komponenten, die nicht von einem autorisierten Red Sea-Servicecenter vorgenommen wurde, zum Erl\u00f6schen der erweiterten Garantie.<br>Sofern hierin nicht ausdr\u00fccklich ge\u00e4ndert, gelten die Bedingungen der Red Sea-Garantie, die beim urspr\u00fcnglichen Kauf des Aquariumsystems bereitgestellt wurden, auch f\u00fcr die erweiterte Garantie.<\/p>\n\n\n\n<div class=\"wp-block-dfnstbm-divider \n  stb_divider\n bg-color-12\n mt4 mb4 col-12\" style=\"height:1px\"><\/div>\n\n\n\n<h2 class=\"wp-block-dfnstbm-heading \n  h1 color-black max-width-3 helvetica-bold left-align mb2 ml-auto mr-auto relative\">Eingeschr\u00e4nkte Garantie f\u00fcr Red Sea Aquarium-Produkte<\/h2>\n\n\n\n<p class=\"wp-block-dfnstbm-paragraph \n  h6 color-black max-width-3 open-sans-regular left-align ml-auto mr-auto relative\">Vielen Dank f\u00fcr den Kauf eines Red Sea Aquarium-Produkts (im Folgenden \u201e<strong>das Produkt<\/strong>\u201c).<br>Red Sea Aquatics (UK) Ltd. (im Folgenden \u201eRed Sea\u201c) garantiert das Produkt f\u00fcr 24 Monate ab Kaufdatum gegen Material- und Verarbeitungsfehler des Herstellers.<br>\u00a0<br>Die von Red Sea gew\u00e4hrte Garantie ist NICHT \u00dcBERTRAGBAR UND AUF DEN URSPR\u00dcNGLICHEN K\u00c4UFER BESCHR\u00c4NKT. Wenn das Produkt unter diese Garantie f\u00e4llt, repariert Red Sea das Produkt entweder kostenlos (ohne Versandkosten) mit neuen oder general\u00fcberholten Teilen oder ersetzt das Produkt nach eigenem Ermessen durch ein neues oder general\u00fcberholtes Produkt.<br>\u00a0<br>Diese Garantie deckt KEINE normale Abnutzung oder Gegenst\u00e4nde ab, die eine begrenzte nat\u00fcrliche Lebensdauer haben oder Verbrauchsmaterialien sind, wie, aber nicht beschr\u00e4nkt auf Laufr\u00e4der, Schw\u00e4mme, Filter, L\u00fcfter, Rohre und \u201eO\u201c-Ringe. Sie deckt auch KEINE Sch\u00e4den ab, die beim Versand auftreten und\/oder Ausf\u00e4lle oder Defekte, die aus einer Verwendung au\u00dferhalb der normalen Bedingungen und\/oder Naturkatastrophen, Unf\u00e4llen, \u00dcberspannungen in der Stromleitung, Vernachl\u00e4ssigung, unsachgem\u00e4\u00dfer Installation, Bedienung oder Wartung, Wartung des Produkts durch eine andere Person als ein autorisiertes Red Sea-Servicecenter ist oder das Produkt nicht gem\u00e4\u00df den bereitgestellten Anweisungen (im Produkthandbuch oder anderweitig) oder den technischen und\/oder Sicherheitsstandards des Landes verwendet oder montiert wird, in dem das Produkt verwendet wird. Dar\u00fcber hinaus f\u00fchrt jede \u00c4nderung des Produkts, die nicht von einem autorisierten Red Sea-Servicecenter durchgef\u00fchrt wurde, zum Erl\u00f6schen dieser Garantie.<br>\u00a0<br>Um diese Garantie in Anspruch zu nehmen, wenden Sie sich bitte an Ihr lokales Servicecenter. Informationen zu autorisierten Servicezentren finden Sie zu Ihrer Bequemlichkeit auf der Website von Red Sea. Der Kaufnachweis ist erforderlich, bevor die Garantieleistung erbracht wird.<br>Das einzige und ausschlie\u00dfliche Rechtsmittel gegen Red Sea besteht in der Reparatur oder dem Austausch des Produkts wie oben beschrieben. KEINE ANDEREN RECHTSMITTEL (einschlie\u00dflich, aber nicht beschr\u00e4nkt auf zuf\u00e4llige oder Folgesch\u00e4den f\u00fcr entgangenen Gewinn, entgangene Verk\u00e4ufe oder andere zuf\u00e4llige oder Folgesch\u00e4den) sind verf\u00fcgbar. In einigen Gerichtsbarkeiten ist der Ausschluss von zuf\u00e4lligen oder Folgesch\u00e4den nicht zul\u00e4ssig, daher trifft die obige Einschr\u00e4nkung m\u00f6glicherweise nicht auf Sie zu. Soweit nach geltendem Recht zul\u00e4ssig, haftet Red Sea in keinem Fall f\u00fcr Verluste oder Sch\u00e4den an Wasserlebewesen und\/oder Sch\u00e4den an anderem Eigentum und\/oder Personen, die sich aus der Verwendung des Produkts oder aus einer Verletzung ergeben dieser Garantie. Alle stillschweigenden Garantien sind in vollem Umfang nach geltendem Recht ausgeschlossen, und soweit sie nicht ausgeschlossen werden k\u00f6nnen, sind sie auf die oben angegebene anwendbare Garantiefrist beschr\u00e4nkt. Einige Gerichtsbarkeiten erlauben keine Beschr\u00e4nkungen der Dauer einer stillschweigenden Garantie oder Bedingung, daher gilt diese Beschr\u00e4nkung m\u00f6glicherweise nicht f\u00fcr Sie. Die in dieser Garantie enthaltenen ausdr\u00fccklichen Garantien sind ausschlie\u00dflich und d\u00fcrfen von keinem H\u00e4ndler, H\u00e4ndler oder anderen Personen ge\u00e4ndert, erweitert oder ge\u00e4ndert werden.<br>\u00a0<\/p>\n\n\n\n<div class=\"wp-block-dfnstbm-divider \n  stb_divider\n bg-color-12\n mt4 mb4 col-12\" style=\"height:1px\"><\/div>\n<\/div>\n<\/div>\n<\/div>\n<\/div><\/div>\n","protected":false},"excerpt":{"rendered":"","protected":false},"author":7,"featured_media":72834,"parent":0,"menu_order":0,"comment_status":"closed","ping_status":"closed","template":"","meta":{"inline_featured_image":false,"footnotes":""},"class_list":["post-43384","page","type-page","status-publish","has-post-thumbnail","hentry"],"yoast_head":"<!-- This site is optimized with the Yoast SEO Premium plugin v23.4 (Yoast SEO v25.2) - https:\/\/yoast.com\/wordpress\/plugins\/seo\/ -->\n<title>certificate of warranty - Red Sea Fish<\/title>\n<meta name=\"robots\" content=\"noindex, nofollow\" \/>\n<meta property=\"og:locale\" content=\"de_DE\" \/>\n<meta property=\"og:type\" content=\"article\" \/>\n<meta property=\"og:title\" content=\"certificate of warranty - Red Sea Fish\" \/>\n<meta property=\"og:url\" content=\"https:\/\/stage.redseafish.com\/de\/certificate-of-warranty\/\" \/>\n<meta property=\"og:site_name\" content=\"Red Sea Fish\" \/>\n<meta property=\"article:modified_time\" content=\"2025-05-15T11:10:11+00:00\" \/>\n<meta name=\"twitter:card\" content=\"summary_large_image\" \/>\n<meta name=\"twitter:label1\" content=\"Gesch\u00e4tzte Lesezeit\" \/>\n\t<meta name=\"twitter:data1\" content=\"7\u00a0Minuten\" \/>\n<script type=\"application\/ld+json\" class=\"yoast-schema-graph\">{\"@context\":\"https:\/\/schema.org\",\"@graph\":[{\"@type\":\"WebPage\",\"@id\":\"https:\/\/stage.redseafish.com\/de\/certificate-of-warranty\/\",\"url\":\"https:\/\/stage.redseafish.com\/de\/certificate-of-warranty\/\",\"name\":\"certificate of warranty - Red Sea Fish\",\"isPartOf\":{\"@id\":\"https:\/\/stage.redseafish.com\/#website\"},\"primaryImageOfPage\":{\"@id\":\"https:\/\/stage.redseafish.com\/de\/certificate-of-warranty\/#primaryimage\"},\"image\":{\"@id\":\"https:\/\/stage.redseafish.com\/de\/certificate-of-warranty\/#primaryimage\"},\"thumbnailUrl\":\"https:\/\/static.redseafish.com\/wp-content\/uploads\/2025\/05\/19151846\/Share-image.Warranty-Policy.png\",\"datePublished\":\"2024-06-27T00:35:00+00:00\",\"dateModified\":\"2025-05-15T11:10:11+00:00\",\"breadcrumb\":{\"@id\":\"https:\/\/stage.redseafish.com\/de\/certificate-of-warranty\/#breadcrumb\"},\"inLanguage\":\"de\",\"potentialAction\":[{\"@type\":\"ReadAction\",\"target\":[\"https:\/\/stage.redseafish.com\/de\/certificate-of-warranty\/\"]}]},{\"@type\":\"ImageObject\",\"inLanguage\":\"de\",\"@id\":\"https:\/\/stage.redseafish.com\/de\/certificate-of-warranty\/#primaryimage\",\"url\":\"https:\/\/static.redseafish.com\/wp-content\/uploads\/2025\/05\/19151846\/Share-image.Warranty-Policy.png\",\"contentUrl\":\"https:\/\/static.redseafish.com\/wp-content\/uploads\/2025\/05\/19151846\/Share-image.Warranty-Policy.png\",\"width\":1200,\"height\":630},{\"@type\":\"BreadcrumbList\",\"@id\":\"https:\/\/stage.redseafish.com\/de\/certificate-of-warranty\/#breadcrumb\",\"itemListElement\":[{\"@type\":\"ListItem\",\"position\":1,\"name\":\"Home\",\"item\":\"https:\/\/stage.redseafish.com\/de\/\"},{\"@type\":\"ListItem\",\"position\":2,\"name\":\"certificate of warranty\"}]},{\"@type\":\"WebSite\",\"@id\":\"https:\/\/stage.redseafish.com\/#website\",\"url\":\"https:\/\/stage.redseafish.com\/\",\"name\":\"Red Sea Fish\",\"description\":\"Home of the best salt water aquarium experience\",\"potentialAction\":[{\"@type\":\"SearchAction\",\"target\":{\"@type\":\"EntryPoint\",\"urlTemplate\":\"https:\/\/stage.redseafish.com\/?s={search_term_string}\"},\"query-input\":{\"@type\":\"PropertyValueSpecification\",\"valueRequired\":true,\"valueName\":\"search_term_string\"}}],\"inLanguage\":\"de\"}]}<\/script>\n<!-- \/ Yoast SEO Premium plugin. -->","yoast_head_json":{"title":"certificate of warranty - Red Sea Fish","robots":{"index":"noindex","follow":"nofollow"},"og_locale":"de_DE","og_type":"article","og_title":"certificate of warranty - Red Sea Fish","og_url":"https:\/\/stage.redseafish.com\/de\/certificate-of-warranty\/","og_site_name":"Red Sea Fish","article_modified_time":"2025-05-15T11:10:11+00:00","twitter_card":"summary_large_image","twitter_misc":{"Gesch\u00e4tzte Lesezeit":"7\u00a0Minuten"},"schema":{"@context":"https:\/\/schema.org","@graph":[{"@type":"WebPage","@id":"https:\/\/stage.redseafish.com\/de\/certificate-of-warranty\/","url":"https:\/\/stage.redseafish.com\/de\/certificate-of-warranty\/","name":"certificate of warranty - Red Sea Fish","isPartOf":{"@id":"https:\/\/stage.redseafish.com\/#website"},"primaryImageOfPage":{"@id":"https:\/\/stage.redseafish.com\/de\/certificate-of-warranty\/#primaryimage"},"image":{"@id":"https:\/\/stage.redseafish.com\/de\/certificate-of-warranty\/#primaryimage"},"thumbnailUrl":"https:\/\/static.redseafish.com\/wp-content\/uploads\/2025\/05\/19151846\/Share-image.Warranty-Policy.png","datePublished":"2024-06-27T00:35:00+00:00","dateModified":"2025-05-15T11:10:11+00:00","breadcrumb":{"@id":"https:\/\/stage.redseafish.com\/de\/certificate-of-warranty\/#breadcrumb"},"inLanguage":"de","potentialAction":[{"@type":"ReadAction","target":["https:\/\/stage.redseafish.com\/de\/certificate-of-warranty\/"]}]},{"@type":"ImageObject","inLanguage":"de","@id":"https:\/\/stage.redseafish.com\/de\/certificate-of-warranty\/#primaryimage","url":"https:\/\/static.redseafish.com\/wp-content\/uploads\/2025\/05\/19151846\/Share-image.Warranty-Policy.png","contentUrl":"https:\/\/static.redseafish.com\/wp-content\/uploads\/2025\/05\/19151846\/Share-image.Warranty-Policy.png","width":1200,"height":630},{"@type":"BreadcrumbList","@id":"https:\/\/stage.redseafish.com\/de\/certificate-of-warranty\/#breadcrumb","itemListElement":[{"@type":"ListItem","position":1,"name":"Home","item":"https:\/\/stage.redseafish.com\/de\/"},{"@type":"ListItem","position":2,"name":"certificate of warranty"}]},{"@type":"WebSite","@id":"https:\/\/stage.redseafish.com\/#website","url":"https:\/\/stage.redseafish.com\/","name":"Red Sea Fish","description":"Home of the best salt water aquarium experience","potentialAction":[{"@type":"SearchAction","target":{"@type":"EntryPoint","urlTemplate":"https:\/\/stage.redseafish.com\/?s={search_term_string}"},"query-input":{"@type":"PropertyValueSpecification","valueRequired":true,"valueName":"search_term_string"}}],"inLanguage":"de"}]}},"_links":{"self":[{"href":"https:\/\/stage.redseafish.com\/de\/wp-json\/wp\/v2\/pages\/43384","targetHints":{"allow":["GET"]}}],"collection":[{"href":"https:\/\/stage.redseafish.com\/de\/wp-json\/wp\/v2\/pages"}],"about":[{"href":"https:\/\/stage.redseafish.com\/de\/wp-json\/wp\/v2\/types\/page"}],"author":[{"embeddable":true,"href":"https:\/\/stage.redseafish.com\/de\/wp-json\/wp\/v2\/users\/7"}],"replies":[{"embeddable":true,"href":"https:\/\/stage.redseafish.com\/de\/wp-json\/wp\/v2\/comments?post=43384"}],"version-history":[{"count":5,"href":"https:\/\/stage.redseafish.com\/de\/wp-json\/wp\/v2\/pages\/43384\/revisions"}],"predecessor-version":[{"id":72718,"href":"https:\/\/stage.redseafish.com\/de\/wp-json\/wp\/v2\/pages\/43384\/revisions\/72718"}],"wp:featuredmedia":[{"embeddable":true,"href":"https:\/\/stage.redseafish.com\/de\/wp-json\/wp\/v2\/media\/72834"}],"wp:attachment":[{"href":"https:\/\/stage.redseafish.com\/de\/wp-json\/wp\/v2\/media?parent=43384"}],"curies":[{"name":"wp","href":"https:\/\/api.w.org\/{rel}","templated":true}]}}