{"id":43339,"date":"2024-06-25T02:29:25","date_gmt":"2024-06-24T23:29:25","guid":{"rendered":"https:\/\/stage.redseafish.com\/mybatch\/"},"modified":"2024-08-13T10:06:16","modified_gmt":"2024-08-13T07:06:16","slug":"mybatch","status":"publish","type":"page","link":"https:\/\/stage.redseafish.com\/de\/mybatch\/","title":{"rendered":"MyBatch"},"content":{"rendered":"\n<div class=\"wp-block-dfnstbm-story story\"><div class=\"story_loader\"><div class=\"lds-roller mx-auto\"><div><\/div><div><\/div><div><\/div><div><\/div><div><\/div><div><\/div><div><\/div><div><\/div><\/div><h2 class=\"center h3 color-white\">Loading<\/h2><\/div><div class=\"story_content\"><button class=\"storyboard-trigger-button\" style=\"position:fixed;top:1rem;right:1rem;z-index:9999999999;padding:.25rem\">Debug-Button<\/button>\n<div class=\"wp-block-dfnstbm-story-frame story_frame gridbox undefined bg-color-transparent\" style=\"height:auto\" data-stb-active-viewport-size=\"desktop\" data-stb-track-scroll-progress-when-entering=\"false\">\n<div style=\"z-index:2;height:auto\" class=\"wp-block-dfnstbm-story-element story_element gridbox-element story_atom bg-color-transparent flex flex-column justify-start\">\n<div class=\"wp-block-dfnstbm-content-wrapper \n  content-wrapper border-box flex flex-column col-12 transparent ml-auto mr-auto pb3 color-black\n items-center\" style=\"min-height:auto;max-height:none;border-radius:0px;grid-gap:\">\n<div class=\"wp-block-dfnstbm-content-wrapper \n  content-wrapper border-box flex flex-column col-12 transparent color-black\n items-center\" style=\"min-height:auto;max-height:none;border-radius:0px;grid-gap:\">\n<h2 class=\"wp-block-dfnstbm-heading \n  sans bold sans\n h0 color-black max-width-3 helvetica-bold center mt2 mb1 ml-auto mr-auto pl3 pr3 relative\">MyBatch<\/h2>\n\n\n\n<h2 class=\"wp-block-dfnstbm-heading \n  h1 color-black max-width-3 helvetica-roman center mb2 ml-auto mr-auto relative\">Holen Sie sich unsere QC-Laboranalyse Ihres spezifischen Eimers<\/h2>\n\n\n\n<p class=\"wp-block-dfnstbm-paragraph \n  h5 color-black max-width-3 open-sans-regular center mt0 ml-auto mr-auto pb2 relative\">Willkommen bei MyBatch\u2122, einem einzigartigen Service von Red Sea, der allen Nutzern der Red Sea Salze einfachen Zugang zur aktuellen chemischen Analyse der spezifischen Charge des erworbenen Salzes zur Verf\u00fcgung stellt, getestet von unserem QC-Labor.<\/p>\n\n\n\n<a class=\"wp-block-dfnstbm-button rsf-btn  rsf-btn-tertiary color-1 bg-color-transparent\" data-stb-click-event=\"toggleContentAndVanish\" data-stb-click-event-target=\"readmore-content\">mehr erfahren<\/a>\n\n\n\n<div class=\"wp-block-dfnstbm-story-atom \n  story_atom\n content-wrapper mx-auto border-box stb-animation--static col-12 transparent ml-auto mr-auto color-black\n hidden_content\" data-stb-interaction-type=\"toggleable-content\" data-stb-animationtype=\"static\" data-stb-animationthreshold=\"0\" data-stb-exit-animationtype=\"\" data-stb-exit-animationthreshold=\"0\" data-stb-animation-repeatable=\"true\" data-stb-atom-identifier=\"readmore-content\" data-stb-animationendthreshold=\"0\" data-stb-exit-animationendthreshold=\"0\">\n<p class=\"wp-block-dfnstbm-paragraph \n  h5 color-black max-width-3 open-sans-regular center mt0 ml-auto mr-auto pb3 relative\">Eine gute Wasserchemie ist der grundlegendste Baustein der Riffaquaristik und Sie verdienen mehr als blind zu vertrauen, um sicherzustellen, dass Sie genau das bekommen, was Sie wollen.<br>\u00a0<br>Red Sea ist einer der wenigen Salzhersteller, der auf der Verpackung den garantierten Bereich aller Parameter genau angibt, die erreicht werden, wenn Sie unser Salz nach den Vorgaben mischen. Wir sind in der Lage dies zu erreichen, weil unsere Salze nach einem stark kontrollierten Prozess in Kleinserienfertigung hergestellt werden, der innerhalb jeder Charge sowie kontinuierlich von Charge zu Charge ein hohes Ma\u00df an Homogenit\u00e4t gew\u00e4hrleistet. Der Prozess wird zur Qualit\u00e4tskontrolle durch gr\u00fcndliche Tests in unserem Labor \u00fcberwacht, welches \u00fcber hochmoderne ICP-Analysetechnik verf\u00fcgt, die speziell auf die einzigartige Zusammensetzung von Meerwasser ausgelegt wurde.<br>\u00a0<br>Die Genauigkeit unserer Salzproduktion und Analyse ist so zuverl\u00e4ssig, dass, sofern Sie die Mischanleitung befolgen und den Salzgehalt mit einem korrekt kalibrierten und hochgenauen Meerwasser Refraktometer wie z.B. Red Sea\u2019s\u00a0REEF-SPEC Refraktometer\u00a0kontrollieren, Sie Ihre Salzmischung als Standardl\u00f6sung benutzen k\u00f6nnen, um zu lernen, wie genau Tests zu verwenden sind, oder deren Zuverl\u00e4ssigkeit zu \u00fcberpr\u00fcfen.<\/p>\n<\/div>\n<\/div>\n\n\n\n<div class=\"wp-block-dfnstbm-content-wrapper \n  content-wrapper border-box flex flex-column col-9 transparent color-black\n items-center\" style=\"min-height:auto;max-height:none;border-radius:0px;grid-gap:\">\n<img decoding=\"async\" class=\"wp-block-dfnstbm-media \n  undefined undefined\n cover\n col-7 block\" style=\"max-height:none;min-height:auto\" alt=\"\" src=\"https:\/\/static.redseafish.com\/wp-content\/uploads\/2024\/06\/26052912\/MyBatch-main-image.png\"\/>\n<\/div>\n<\/div>\n<\/div>\n<\/div>\n\n\n\n<div class=\"wp-block-dfnstbm-story-frame story_frame gridbox undefined bg-color-transparent\" style=\"height:auto\" data-stb-active-viewport-size=\"mobile-tablet\" data-stb-track-scroll-progress-when-entering=\"false\">\n<div style=\"z-index:2;height:auto\" class=\"wp-block-dfnstbm-story-element story_element gridbox-element story_atom bg-color-transparent flex flex-column justify-start\">\n<div class=\"wp-block-dfnstbm-content-wrapper \n  content-wrapper border-box flex flex-column col-12 transparent ml-auto mr-auto pb3 color-black\n items-center\" style=\"min-height:auto;max-height:none;border-radius:0px;grid-gap:\">\n<div class=\"wp-block-dfnstbm-content-wrapper \n  content-wrapper border-box flex flex-column col-12 transparent color-black\n items-center\" style=\"min-height:auto;max-height:none;border-radius:0px;grid-gap:\">\n<h2 class=\"wp-block-dfnstbm-heading \n  sans bold sans\n h0 color-black max-width-3 helvetica-bold center mt2 mb1 ml-auto mr-auto pl3 pr3 relative\">MyBatch<\/h2>\n\n\n\n<h2 class=\"wp-block-dfnstbm-heading \n  h2 color-black max-width-3 helvetica-roman center mb2 ml2 mr2 relative\">Holen Sie sich unsere QC-Laboranalyse Ihres spezifischen Eimers<\/h2>\n\n\n\n<p class=\"wp-block-dfnstbm-paragraph \n  h6 color-black max-width-3 open-sans-regular center mt0 ml-auto mr-auto pb2 pl1 pr1 relative\">Willkommen bei MyBatch\u2122, einem einzigartigen Service von Red Sea, der allen Nutzern der Red Sea Salze einfachen Zugang zur aktuellen chemischen Analyse der spezifischen Charge des erworbenen Salzes zur Verf\u00fcgung stellt, getestet von unserem QC-Labor.<\/p>\n\n\n\n<a class=\"wp-block-dfnstbm-button rsf-btn  rsf-btn-tertiary color-1 bg-color-transparent\" data-stb-click-event=\"toggleContentAndVanish\" data-stb-click-event-target=\"readmore-content\">mehr erfahren<\/a>\n\n\n\n<div class=\"wp-block-dfnstbm-story-atom \n  story_atom\n content-wrapper mx-auto border-box stb-animation--static col-12 transparent ml-auto mr-auto color-black\n hidden_content\" data-stb-interaction-type=\"toggleable-content\" data-stb-animationtype=\"static\" data-stb-animationthreshold=\"0\" data-stb-exit-animationtype=\"\" data-stb-exit-animationthreshold=\"0\" data-stb-animation-repeatable=\"true\" data-stb-atom-identifier=\"readmore-content\" data-stb-animationendthreshold=\"0\" data-stb-exit-animationendthreshold=\"0\">\n<p class=\"wp-block-dfnstbm-paragraph \n  h6 color-black max-width-3 open-sans-regular center mt0 ml-auto mr-auto pb3 pl1 pr1 relative\">Eine gute Wasserchemie ist der grundlegendste Baustein der Riffaquaristik und Sie verdienen mehr als blind zu vertrauen, um sicherzustellen, dass Sie genau das bekommen, was Sie wollen.<br>\u00a0<br>Red Sea ist einer der wenigen Salzhersteller, der auf der Verpackung den garantierten Bereich aller Parameter genau angibt, die erreicht werden, wenn Sie unser Salz nach den Vorgaben mischen. Wir sind in der Lage dies zu erreichen, weil unsere Salze nach einem stark kontrollierten Prozess in Kleinserienfertigung hergestellt werden, der innerhalb jeder Charge sowie kontinuierlich von Charge zu Charge ein hohes Ma\u00df an Homogenit\u00e4t gew\u00e4hrleistet. Der Prozess wird zur Qualit\u00e4tskontrolle durch gr\u00fcndliche Tests in unserem Labor \u00fcberwacht, welches \u00fcber hochmoderne ICP-Analysetechnik verf\u00fcgt, die speziell auf die einzigartige Zusammensetzung von Meerwasser ausgelegt wurde.<br>\u00a0<br>Die Genauigkeit unserer Salzproduktion und Analyse ist so zuverl\u00e4ssig, dass, sofern Sie die Mischanleitung befolgen und den Salzgehalt mit einem korrekt kalibrierten und hochgenauen Meerwasser Refraktometer wie z.B. Red Sea\u2019s\u00a0REEF-SPEC Refraktometer\u00a0kontrollieren, Sie Ihre Salzmischung als Standardl\u00f6sung benutzen k\u00f6nnen, um zu lernen, wie genau Tests zu verwenden sind, oder deren Zuverl\u00e4ssigkeit zu \u00fcberpr\u00fcfen.<\/p>\n<\/div>\n<\/div>\n\n\n\n<div class=\"wp-block-dfnstbm-content-wrapper \n  content-wrapper border-box flex flex-column transparent color-black\n items-center\" style=\"min-height:auto;max-height:none;border-radius:0px;grid-gap:\">\n<img decoding=\"async\" class=\"wp-block-dfnstbm-media \n  undefined undefined\n cover\n col-12 block\" style=\"max-height:none;min-height:auto\" alt=\"\" src=\"https:\/\/static.redseafish.com\/wp-content\/uploads\/2024\/06\/26052930\/MyBatch-main-image-1.png\"\/>\n<\/div>\n<\/div>\n<\/div>\n<\/div>\n\n\n\n<div class=\"wp-block-dfnstbm-story-frame story_frame gridbox  bg-color-transparent\" style=\"height:auto\" data-stb-active-viewport-size=\"all\" data-stb-track-scroll-progress-when-entering=\"false\">\n<div style=\"z-index:1;height:auto\" class=\"wp-block-dfnstbm-story-element story_element gridbox-element  bg-color-transparent flex flex-column justify-center\">\n<div class=\"wp-block-dfnstbm-content-wrapper \n  content-wrapper border-box col-12 bg-color-11 color-black\" style=\"min-height:auto;max-height:none;border-radius:0px;grid-gap:\">\n\t    <script defer=\"defer\" src=\"https:\/\/mybatch.apps.redseafish.com\/js\/chunk-vendors.8d9f8b86.js\"><\/script>\n\t    <script defer=\"defer\" src=\"https:\/\/mybatch.apps.redseafish.com\/js\/app.3aa7e039.js\"><\/script>\n      <link href=\"https:\/\/mybatch.apps.redseafish.com\/css\/app.b78584f6.css\" rel=\"stylesheet\">\n\t  \n\t    <noscript><strong>We are sorry but this app does not work properly without JavaScript enabled. Please enable it to continue.<\/strong><\/noscript>\n      <div \n        id=\"app\" \n        siteLanguage=\"de\"\n        faqLink=\"https:\/\/g1.redseafish.com\/de\/support\/faq\/products\/mybatch\/tabs\/faq\/MyBatch\/\"\n      >\n      <\/div>\n\t  <\/div>\n<\/div>\n<\/div>\n\n\n\n<div class=\"wp-block-dfnstbm-story-frame story_frame gridbox undefined bg-color-white\" style=\"height:auto\" data-stb-active-viewport-size=\"all\" data-stb-track-scroll-progress-when-entering=\"false\">\n<div style=\"z-index:1;height:auto\" class=\"wp-block-dfnstbm-story-element story_element gridbox-element story_atom bg-color-transparent flex flex-column justify-center\">\n<div class=\"wp-block-dfnstbm-story-atom \n  story_atom\n content-wrapper mx-auto border-box stb-animation--static col-12 transparent ml-auto mr-auto color-black\" data-stb-interaction-type=\"\" data-stb-animationtype=\"static\" data-stb-animationthreshold=\"0\" data-stb-exit-animationtype=\"\" data-stb-exit-animationthreshold=\"0\" data-stb-animation-repeatable=\"true\" data-stb-animationendthreshold=\"0\" data-stb-exit-animationendthreshold=\"0\">\n<h2 class=\"wp-block-dfnstbm-heading \n  h1 color-black max-width-3 helvetica-bold center mt3 mb1 ml-auto mr-auto relative\">Ort der Chargennummer<\/h2>\n<\/div>\n\n\n\n<div class=\"wp-block-dfnstbm-story-atom \n  story_atom\n content-wrapper mx-auto border-box undefined\n stb-animation--static col-12 transparent max-width-4 ml-auto mr-auto h100\n color-black\n undefined\" data-stb-interaction-type=\"tabs\" data-stb-animationtype=\"static\" data-stb-animationthreshold=\"0\" data-stb-exit-animationtype=\"\" data-stb-exit-animationthreshold=\"0\" data-stb-animation-repeatable=\"true\" data-stb-animationendthreshold=\"0\" data-stb-exit-animationendthreshold=\"0\">\n<div class=\"wp-block-dfnstbm-content-wrapper \n  mx-auto mx-auto\n content-wrapper border-box col-12 transparent color-black\" style=\"min-height:auto;max-height:none;border-radius:0px;grid-gap:\">\n<div class=\"wp-block-dfnstbm-content-wrapper \n  mx-auto mx-auto\n content-wrapper border-box col-12 transparent max-width-3 mt3 ml-auto mr-auto color-black\" style=\"min-height:auto;max-height:none;border-radius:0px;grid-gap:\">\n<div class=\"wp-block-dfnstbm-tab-nav-wrapper-new gridbox story_atom_tab_wrapper story_atom_tab_wrapper_new w-fit-content mx-auto\"><div class=\"gridbox-element flex flex-column justify-end z1\"><div class=\"col-12\"><div class=\"stb_tab_active_indicator hide\" data-stb-interaction-identifier=\"tab-active-indicator\"><\/div><\/div><\/div><div class=\"stb_tab_active_indicator_rail px2 border-box bg-color-14\" style=\"background-clip:content-box\"><\/div><div class=\"gridbox-element z2 px2 border-box\"><div class=\"flex justify-center                 \" style=\"gap:32px\">\n<div class=\"wp-block-dfnstbm-tab-nav-item-new stb_tab_nav_item stb_tab_nav_item_new w-fit-content pointer border-box flex flex-column\" data-stb-interaction-identifier=\"tab-nav-item\"><p class=\"stb_tab_nav_item_simple w-fit-content mx-auto center sm-px1 px0 open-sans-bold sm-h5 h6 mb2 nowrap color-black active-color-1\">Auf Eimern<\/p><div class=\"tab-nav-item-new-active-indictaor bg-color-1\"><\/div><\/div>\n\n\n\n<div class=\"wp-block-dfnstbm-tab-nav-item-new stb_tab_nav_item stb_tab_nav_item_new w-fit-content pointer border-box flex flex-column\" data-stb-interaction-identifier=\"tab-nav-item\"><p class=\"stb_tab_nav_item_simple w-fit-content mx-auto center sm-px1 px0 open-sans-bold sm-h5 h6 mb2 nowrap color-black active-color-1\">Auf Beuteln<\/p><div class=\"tab-nav-item-new-active-indictaor bg-color-1\"><\/div><\/div>\n\n\n\n<div class=\"wp-block-dfnstbm-tab-nav-item-new stb_tab_nav_item stb_tab_nav_item_new w-fit-content pointer border-box flex flex-column\" data-stb-interaction-identifier=\"tab-nav-item\"><p class=\"stb_tab_nav_item_simple w-fit-content mx-auto center sm-px1 px0 open-sans-bold sm-h5 h6 mb2 nowrap color-black active-color-1\">Auf Boxen<\/p><div class=\"tab-nav-item-new-active-indictaor bg-color-1\"><\/div><\/div>\n<\/div><\/div><\/div>\n<\/div>\n\n\n\n<div class=\"wp-block-dfnstbm-tab-content-wrapper tab-contant-box-wrapper undefined\" data-stb-interaction-identifier=\"tab-content-wrapper\">\n<div class=\"wp-block-dfnstbm-tab-content-box tab-contant-box undefined\" data-stb-interaction-identifier=\"tab-content-box\">\n<div class=\"wp-block-dfnstbm-content-wrapper \n  content-wrapper border-box col-12 transparent max-width-4 ml-auto mr-auto color-black\" style=\"min-height:auto;max-height:none;border-radius:8px;grid-gap:\">\n<img decoding=\"async\" class=\"wp-block-dfnstbm-media \n  max-height-vh50 max-height-vh50\n contain\n col-12 block\" style=\"max-height:none;min-height:auto\" alt=\"\" src=\"https:\/\/static.redseafish.com\/wp-content\/uploads\/2024\/06\/26053011\/MtBatch.Batches.on_.backets.png\"\/>\n<\/div>\n<\/div>\n\n\n\n<div class=\"wp-block-dfnstbm-tab-content-box tab-contant-box undefined\" data-stb-interaction-identifier=\"tab-content-box\">\n<div class=\"wp-block-dfnstbm-content-wrapper \n  content-wrapper border-box col-12 transparent max-width-4 ml-auto mr-auto color-black\" style=\"min-height:auto;max-height:none;border-radius:8px;grid-gap:\">\n<img decoding=\"async\" class=\"wp-block-dfnstbm-media \n  max-height-vh50 max-height-vh50\n contain\n col-12 block\" style=\"max-height:none;min-height:auto\" alt=\"\" src=\"https:\/\/static.redseafish.com\/wp-content\/uploads\/2024\/06\/26053019\/MtBatch.Batches.on_.bags_.png\"\/>\n<\/div>\n<\/div>\n\n\n\n<div class=\"wp-block-dfnstbm-tab-content-box tab-contant-box undefined\" data-stb-interaction-identifier=\"tab-content-box\">\n<div class=\"wp-block-dfnstbm-content-wrapper \n  content-wrapper border-box col-12 transparent max-width-4 ml-auto mr-auto color-black\" style=\"min-height:auto;max-height:none;border-radius:8px;grid-gap:\">\n<img decoding=\"async\" class=\"wp-block-dfnstbm-media \n  max-height-vh50 max-height-vh50\n contain\n col-12 block\" style=\"max-height:none;min-height:auto\" alt=\"\" src=\"https:\/\/static.redseafish.com\/wp-content\/uploads\/2024\/06\/26053032\/MtBatch.Batches.on_.boxes_.png\"\/>\n<\/div>\n<\/div>\n<\/div>\n<\/div>\n<\/div>\n<\/div>\n<\/div>\n<\/div><\/div>\n","protected":false},"excerpt":{"rendered":"","protected":false},"author":7,"featured_media":43186,"parent":0,"menu_order":0,"comment_status":"closed","ping_status":"closed","template":"","meta":{"inline_featured_image":false,"footnotes":""},"class_list":["post-43339","page","type-page","status-publish","has-post-thumbnail","hentry"],"yoast_head":"<!-- This site is optimized with the Yoast SEO Premium plugin v23.4 (Yoast SEO v25.2) - https:\/\/yoast.com\/wordpress\/plugins\/seo\/ -->\n<title>MyBatch: Sofortiger Zugriff auf eine Laboranalyse f\u00fcr Ihren spezifischen Eimer.<\/title>\n<meta name=\"description\" content=\"Ein einzigartiger Service von Red Sea, der Benutzern von Red Sea-Salzen einfachen Zugang zur chemischen Analyse ihrer spezifischen Salzcharge bietet.\" \/>\n<meta name=\"robots\" content=\"index, follow, max-snippet:-1, max-image-preview:large, max-video-preview:-1\" \/>\n<link rel=\"canonical\" href=\"https:\/\/stage.redseafish.com\/de\/mybatch\/\" \/>\n<meta property=\"og:locale\" content=\"de_DE\" \/>\n<meta property=\"og:type\" content=\"article\" \/>\n<meta property=\"og:title\" content=\"MyBatch: Sofortiger Zugriff auf eine Laboranalyse f\u00fcr Ihren spezifischen Eimer.\" \/>\n<meta property=\"og:description\" content=\"Ein einzigartiger Service von Red Sea, der Benutzern von Red Sea-Salzen einfachen Zugang zur chemischen Analyse ihrer spezifischen Salzcharge bietet.\" \/>\n<meta property=\"og:url\" content=\"https:\/\/stage.redseafish.com\/de\/mybatch\/\" \/>\n<meta property=\"og:site_name\" content=\"Red Sea Fish\" \/>\n<meta property=\"article:modified_time\" content=\"2024-08-13T07:06:16+00:00\" \/>\n<meta property=\"og:image\" content=\"https:\/\/static.redseafish.com\/wp-content\/uploads\/2024\/06\/25023230\/Share-image.MyBatch.png\" \/>\n\t<meta property=\"og:image:width\" content=\"1200\" \/>\n\t<meta property=\"og:image:height\" content=\"630\" \/>\n\t<meta property=\"og:image:type\" content=\"image\/png\" \/>\n<meta name=\"twitter:card\" content=\"summary_large_image\" \/>\n<meta name=\"twitter:label1\" content=\"Gesch\u00e4tzte Lesezeit\" \/>\n\t<meta name=\"twitter:data1\" content=\"4\u00a0Minuten\" \/>\n<script type=\"application\/ld+json\" class=\"yoast-schema-graph\">{\"@context\":\"https:\/\/schema.org\",\"@graph\":[{\"@type\":\"WebPage\",\"@id\":\"https:\/\/stage.redseafish.com\/de\/mybatch\/\",\"url\":\"https:\/\/stage.redseafish.com\/de\/mybatch\/\",\"name\":\"MyBatch: Sofortiger Zugriff auf eine Laboranalyse f\u00fcr Ihren spezifischen Eimer.\",\"isPartOf\":{\"@id\":\"https:\/\/stage.redseafish.com\/#website\"},\"primaryImageOfPage\":{\"@id\":\"https:\/\/stage.redseafish.com\/de\/mybatch\/#primaryimage\"},\"image\":{\"@id\":\"https:\/\/stage.redseafish.com\/de\/mybatch\/#primaryimage\"},\"thumbnailUrl\":\"https:\/\/static.redseafish.com\/wp-content\/uploads\/2024\/06\/25023230\/Share-image.MyBatch.png\",\"datePublished\":\"2024-06-24T23:29:25+00:00\",\"dateModified\":\"2024-08-13T07:06:16+00:00\",\"description\":\"Ein einzigartiger Service von Red Sea, der Benutzern von Red Sea-Salzen einfachen Zugang zur chemischen Analyse ihrer spezifischen Salzcharge bietet.\",\"breadcrumb\":{\"@id\":\"https:\/\/stage.redseafish.com\/de\/mybatch\/#breadcrumb\"},\"inLanguage\":\"de\",\"potentialAction\":[{\"@type\":\"ReadAction\",\"target\":[\"https:\/\/stage.redseafish.com\/de\/mybatch\/\"]}]},{\"@type\":\"ImageObject\",\"inLanguage\":\"de\",\"@id\":\"https:\/\/stage.redseafish.com\/de\/mybatch\/#primaryimage\",\"url\":\"https:\/\/static.redseafish.com\/wp-content\/uploads\/2024\/06\/25023230\/Share-image.MyBatch.png\",\"contentUrl\":\"https:\/\/static.redseafish.com\/wp-content\/uploads\/2024\/06\/25023230\/Share-image.MyBatch.png\",\"width\":1200,\"height\":630},{\"@type\":\"BreadcrumbList\",\"@id\":\"https:\/\/stage.redseafish.com\/de\/mybatch\/#breadcrumb\",\"itemListElement\":[{\"@type\":\"ListItem\",\"position\":1,\"name\":\"Home\",\"item\":\"https:\/\/stage.redseafish.com\/de\/\"},{\"@type\":\"ListItem\",\"position\":2,\"name\":\"MyBatch\"}]},{\"@type\":\"WebSite\",\"@id\":\"https:\/\/stage.redseafish.com\/#website\",\"url\":\"https:\/\/stage.redseafish.com\/\",\"name\":\"Red Sea Fish\",\"description\":\"Home of the best salt water aquarium experience\",\"potentialAction\":[{\"@type\":\"SearchAction\",\"target\":{\"@type\":\"EntryPoint\",\"urlTemplate\":\"https:\/\/stage.redseafish.com\/?s={search_term_string}\"},\"query-input\":{\"@type\":\"PropertyValueSpecification\",\"valueRequired\":true,\"valueName\":\"search_term_string\"}}],\"inLanguage\":\"de\"}]}<\/script>\n<!-- \/ Yoast SEO Premium plugin. -->","yoast_head_json":{"title":"MyBatch: Sofortiger Zugriff auf eine Laboranalyse f\u00fcr Ihren spezifischen Eimer.","description":"Ein einzigartiger Service von Red Sea, der Benutzern von Red Sea-Salzen einfachen Zugang zur chemischen Analyse ihrer spezifischen Salzcharge bietet.","robots":{"index":"index","follow":"follow","max-snippet":"max-snippet:-1","max-image-preview":"max-image-preview:large","max-video-preview":"max-video-preview:-1"},"canonical":"https:\/\/stage.redseafish.com\/de\/mybatch\/","og_locale":"de_DE","og_type":"article","og_title":"MyBatch: Sofortiger Zugriff auf eine Laboranalyse f\u00fcr Ihren spezifischen Eimer.","og_description":"Ein einzigartiger Service von Red Sea, der Benutzern von Red Sea-Salzen einfachen Zugang zur chemischen Analyse ihrer spezifischen Salzcharge bietet.","og_url":"https:\/\/stage.redseafish.com\/de\/mybatch\/","og_site_name":"Red Sea Fish","article_modified_time":"2024-08-13T07:06:16+00:00","og_image":[{"width":1200,"height":630,"url":"https:\/\/static.redseafish.com\/wp-content\/uploads\/2024\/06\/25023230\/Share-image.MyBatch.png","type":"image\/png"}],"twitter_card":"summary_large_image","twitter_misc":{"Gesch\u00e4tzte Lesezeit":"4\u00a0Minuten"},"schema":{"@context":"https:\/\/schema.org","@graph":[{"@type":"WebPage","@id":"https:\/\/stage.redseafish.com\/de\/mybatch\/","url":"https:\/\/stage.redseafish.com\/de\/mybatch\/","name":"MyBatch: Sofortiger Zugriff auf eine Laboranalyse f\u00fcr Ihren spezifischen Eimer.","isPartOf":{"@id":"https:\/\/stage.redseafish.com\/#website"},"primaryImageOfPage":{"@id":"https:\/\/stage.redseafish.com\/de\/mybatch\/#primaryimage"},"image":{"@id":"https:\/\/stage.redseafish.com\/de\/mybatch\/#primaryimage"},"thumbnailUrl":"https:\/\/static.redseafish.com\/wp-content\/uploads\/2024\/06\/25023230\/Share-image.MyBatch.png","datePublished":"2024-06-24T23:29:25+00:00","dateModified":"2024-08-13T07:06:16+00:00","description":"Ein einzigartiger Service von Red Sea, der Benutzern von Red Sea-Salzen einfachen Zugang zur chemischen Analyse ihrer spezifischen Salzcharge bietet.","breadcrumb":{"@id":"https:\/\/stage.redseafish.com\/de\/mybatch\/#breadcrumb"},"inLanguage":"de","potentialAction":[{"@type":"ReadAction","target":["https:\/\/stage.redseafish.com\/de\/mybatch\/"]}]},{"@type":"ImageObject","inLanguage":"de","@id":"https:\/\/stage.redseafish.com\/de\/mybatch\/#primaryimage","url":"https:\/\/static.redseafish.com\/wp-content\/uploads\/2024\/06\/25023230\/Share-image.MyBatch.png","contentUrl":"https:\/\/static.redseafish.com\/wp-content\/uploads\/2024\/06\/25023230\/Share-image.MyBatch.png","width":1200,"height":630},{"@type":"BreadcrumbList","@id":"https:\/\/stage.redseafish.com\/de\/mybatch\/#breadcrumb","itemListElement":[{"@type":"ListItem","position":1,"name":"Home","item":"https:\/\/stage.redseafish.com\/de\/"},{"@type":"ListItem","position":2,"name":"MyBatch"}]},{"@type":"WebSite","@id":"https:\/\/stage.redseafish.com\/#website","url":"https:\/\/stage.redseafish.com\/","name":"Red Sea Fish","description":"Home of the best salt water aquarium experience","potentialAction":[{"@type":"SearchAction","target":{"@type":"EntryPoint","urlTemplate":"https:\/\/stage.redseafish.com\/?s={search_term_string}"},"query-input":{"@type":"PropertyValueSpecification","valueRequired":true,"valueName":"search_term_string"}}],"inLanguage":"de"}]}},"_links":{"self":[{"href":"https:\/\/stage.redseafish.com\/de\/wp-json\/wp\/v2\/pages\/43339","targetHints":{"allow":["GET"]}}],"collection":[{"href":"https:\/\/stage.redseafish.com\/de\/wp-json\/wp\/v2\/pages"}],"about":[{"href":"https:\/\/stage.redseafish.com\/de\/wp-json\/wp\/v2\/types\/page"}],"author":[{"embeddable":true,"href":"https:\/\/stage.redseafish.com\/de\/wp-json\/wp\/v2\/users\/7"}],"replies":[{"embeddable":true,"href":"https:\/\/stage.redseafish.com\/de\/wp-json\/wp\/v2\/comments?post=43339"}],"version-history":[{"count":7,"href":"https:\/\/stage.redseafish.com\/de\/wp-json\/wp\/v2\/pages\/43339\/revisions"}],"predecessor-version":[{"id":43505,"href":"https:\/\/stage.redseafish.com\/de\/wp-json\/wp\/v2\/pages\/43339\/revisions\/43505"}],"wp:featuredmedia":[{"embeddable":true,"href":"https:\/\/stage.redseafish.com\/de\/wp-json\/wp\/v2\/media\/43186"}],"wp:attachment":[{"href":"https:\/\/stage.redseafish.com\/de\/wp-json\/wp\/v2\/media?parent=43339"}],"curies":[{"name":"wp","href":"https:\/\/api.w.org\/{rel}","templated":true}]}}